{"id":7633,"date":"2025-11-28T14:57:43","date_gmt":"2025-11-28T14:57:43","guid":{"rendered":"https:\/\/voglers.webme.ee\/partners\/"},"modified":"2026-03-04T08:42:06","modified_gmt":"2026-03-04T08:42:06","slug":"partners","status":"publish","type":"page","link":"https:\/\/voglers.ee\/en\/partners\/","title":{"rendered":"Partners"},"content":{"rendered":"\t\t<div data-elementor-type=\"wp-page\" data-elementor-id=\"7633\" class=\"elementor elementor-7633 elementor-7431\" data-elementor-post-type=\"page\">\n\t\t\t\t<div class=\"elementor-element elementor-element-a3f633c e-con-full hero-shape-1 e-flex e-con e-parent\" data-id=\"a3f633c\" data-element_type=\"container\" data-e-type=\"container\">\n\t\t<div class=\"elementor-element elementor-element-8aa48f0 hero-container e-flex e-con-boxed e-con e-child\" data-id=\"8aa48f0\" data-element_type=\"container\" data-e-type=\"container\" data-settings=\"{&quot;background_background&quot;:&quot;classic&quot;}\">\n\t\t\t\t\t<div class=\"e-con-inner\">\n\t\t<div class=\"elementor-element elementor-element-a69eef1 e-con-full e-flex e-con e-child\" data-id=\"a69eef1\" data-element_type=\"container\" data-e-type=\"container\">\n\t\t\t\t<div class=\"elementor-element elementor-element-4668a4d at-heading-animation at-animation-heading-style-3 elementor-widget elementor-widget-heading\" data-id=\"4668a4d\" data-element_type=\"widget\" data-e-type=\"widget\" data-settings=\"{&quot;ekit_we_effect_on&quot;:&quot;none&quot;}\" data-widget_type=\"heading.default\">\n\t\t\t\t<div class=\"elementor-widget-container\">\n\t\t\t\t\t<h1 class=\"elementor-heading-title elementor-size-default\">Partners<\/h1>\t\t\t\t<\/div>\n\t\t\t\t<\/div>\n\t\t\t\t<div class=\"elementor-element elementor-element-9e4952f elementor-widget elementor-widget-elementskit-breadcrumb\" data-id=\"9e4952f\" data-element_type=\"widget\" data-e-type=\"widget\" data-settings=\"{&quot;ekit_we_effect_on&quot;:&quot;none&quot;}\" data-widget_type=\"elementskit-breadcrumb.default\">\n\t\t\t\t<div class=\"elementor-widget-container\">\n\t\t\t\t\t<div class=\"ekit-wid-con\" ><ol class=\"ekit-breadcrumb\"><li class=\"ekit_breadcrumbs_start\"><a href=\"https:\/\/voglers.ee\/en\/\">Home<\/a><\/li> <li class=\"brd_sep\"><span class=\"separate_icon\"><svg xmlns=\"http:\/\/www.w3.org\/2000\/svg\" width=\"7\" height=\"12\" viewBox=\"0 0 7 12\"><path d=\"M0.283883 11.68L4.95988 0.129999H6.70988L2.03388 11.68H0.283883Z\" fill=\"white\"><\/path><\/svg><\/span><\/li>  <li>Partners<\/li><\/ol><\/div>\t\t\t\t<\/div>\n\t\t\t\t<\/div>\n\t\t\t\t<\/div>\n\t\t\t\t\t<\/div>\n\t\t\t\t<\/div>\n\t\t\t\t<\/div>\n\t\t<div class=\"elementor-element elementor-element-3d133f8 e-flex e-con-boxed e-con e-parent\" data-id=\"3d133f8\" data-element_type=\"container\" data-e-type=\"container\">\n\t\t\t\t\t<div class=\"e-con-inner\">\n\t\t<div class=\"elementor-element elementor-element-e963202 e-con-full e-flex e-con e-child\" data-id=\"e963202\" data-element_type=\"container\" data-e-type=\"container\">\n\t\t\t\t<div class=\"elementor-element elementor-element-af66b0f at-image-animation at-animation-image-style-1 elementor-widget elementor-widget-image\" data-id=\"af66b0f\" data-element_type=\"widget\" data-e-type=\"widget\" data-settings=\"{&quot;ekit_we_effect_on&quot;:&quot;none&quot;}\" data-widget_type=\"image.default\">\n\t\t\t\t<div class=\"elementor-widget-container\">\n\t\t\t\t\t\t\t\t\t\t\t\t\t\t\t<img fetchpriority=\"high\" decoding=\"async\" width=\"1920\" height=\"1440\" src=\"https:\/\/voglers.ee\/wp-content\/uploads\/2026\/01\/IMG_7331.jpeg\" class=\"attachment-full size-full wp-image-7632\" alt=\"\" srcset=\"https:\/\/voglers.ee\/wp-content\/uploads\/2026\/01\/IMG_7331.jpeg 1920w, https:\/\/voglers.ee\/wp-content\/uploads\/2026\/01\/IMG_7331-300x225.jpeg 300w, https:\/\/voglers.ee\/wp-content\/uploads\/2026\/01\/IMG_7331-1024x768.jpeg 1024w, https:\/\/voglers.ee\/wp-content\/uploads\/2026\/01\/IMG_7331-768x576.jpeg 768w, https:\/\/voglers.ee\/wp-content\/uploads\/2026\/01\/IMG_7331-1536x1152.jpeg 1536w\" sizes=\"(max-width: 1920px) 100vw, 1920px\" \/>\t\t\t\t\t\t\t\t\t\t\t\t\t\t\t<\/div>\n\t\t\t\t<\/div>\n\t\t\t\t<\/div>\n\t\t<div class=\"elementor-element elementor-element-2186c6c e-con-full e-flex e-con e-child\" data-id=\"2186c6c\" data-element_type=\"container\" data-e-type=\"container\">\n\t\t\t\t<div class=\"elementor-element elementor-element-5b2d89a at-heading-animation at-animation-heading-style-3 elementor-widget elementor-widget-heading\" data-id=\"5b2d89a\" data-element_type=\"widget\" data-e-type=\"widget\" data-settings=\"{&quot;ekit_we_effect_on&quot;:&quot;none&quot;}\" data-widget_type=\"heading.default\">\n\t\t\t\t<div class=\"elementor-widget-container\">\n\t\t\t\t\t<h2 class=\"elementor-heading-title elementor-size-default\">Participation in industry associations and projects<\/h2>\t\t\t\t<\/div>\n\t\t\t\t<\/div>\n\t\t<div class=\"elementor-element elementor-element-e69a873 e-con-full e-flex elementor-invisible e-con e-child\" data-id=\"e69a873\" data-element_type=\"container\" data-e-type=\"container\" data-settings=\"{&quot;background_background&quot;:&quot;classic&quot;,&quot;animation&quot;:&quot;fadeInUp&quot;,&quot;animation_delay&quot;:200}\">\n\t\t\t\t<div class=\"elementor-element elementor-element-32a8911 elementor-align-start elementor-icon-list--layout-traditional elementor-list-item-link-full_width elementor-widget elementor-widget-icon-list\" data-id=\"32a8911\" data-element_type=\"widget\" data-e-type=\"widget\" data-settings=\"{&quot;ekit_we_effect_on&quot;:&quot;none&quot;}\" data-widget_type=\"icon-list.default\">\n\t\t\t\t<div class=\"elementor-widget-container\">\n\t\t\t\t\t\t\t<ul class=\"elementor-icon-list-items\">\n\t\t\t\t\t\t\t<li class=\"elementor-icon-list-item\">\n\t\t\t\t\t\t\t\t\t\t\t<a href=\"https:\/\/www.koda.ee\/et\/node\/2136\" target=\"_blank\">\n\n\t\t\t\t\t\t\t\t\t\t\t\t<span class=\"elementor-icon-list-icon\">\n\t\t\t\t\t\t\t<i aria-hidden=\"true\" class=\"fas fa-check-circle\"><\/i>\t\t\t\t\t\t<\/span>\n\t\t\t\t\t\t\t\t\t\t<span class=\"elementor-icon-list-text\">Estonian Chamber of Commerce and Industry<\/span>\n\t\t\t\t\t\t\t\t\t\t\t<\/a>\n\t\t\t\t\t\t\t\t\t<\/li>\n\t\t\t\t\t\t\t\t<li class=\"elementor-icon-list-item\">\n\t\t\t\t\t\t\t\t\t\t\t<a href=\"http:\/\/www.emtel.ee\/?page_id=185\" target=\"_blank\">\n\n\t\t\t\t\t\t\t\t\t\t\t\t<span class=\"elementor-icon-list-icon\">\n\t\t\t\t\t\t\t<i aria-hidden=\"true\" class=\"fas fa-check-circle\"><\/i>\t\t\t\t\t\t<\/span>\n\t\t\t\t\t\t\t\t\t\t<span class=\"elementor-icon-list-text\">Estonian Association of Mining Enterprises<\/span>\n\t\t\t\t\t\t\t\t\t\t\t<\/a>\n\t\t\t\t\t\t\t\t\t<\/li>\n\t\t\t\t\t\t\t\t<li class=\"elementor-icon-list-item\">\n\t\t\t\t\t\t\t\t\t\t\t<a href=\"https:\/\/www.efee.eu\/\">\n\n\t\t\t\t\t\t\t\t\t\t\t\t<span class=\"elementor-icon-list-icon\">\n\t\t\t\t\t\t\t<i aria-hidden=\"true\" class=\"fas fa-check-circle\"><\/i>\t\t\t\t\t\t<\/span>\n\t\t\t\t\t\t\t\t\t\t<span class=\"elementor-icon-list-text\">EFEE \u2013 European Federation of Explosives Engineers<\/span>\n\t\t\t\t\t\t\t\t\t\t\t<\/a>\n\t\t\t\t\t\t\t\t\t<\/li>\n\t\t\t\t\t\t\t\t<li class=\"elementor-icon-list-item\">\n\t\t\t\t\t\t\t\t\t\t\t<a href=\"https:\/\/iexpe.org\/partners\/eu-eximp-project\/\">\n\n\t\t\t\t\t\t\t\t\t\t\t\t<span class=\"elementor-icon-list-icon\">\n\t\t\t\t\t\t\t<i aria-hidden=\"true\" class=\"fas fa-check-circle\"><\/i>\t\t\t\t\t\t<\/span>\n\t\t\t\t\t\t\t\t\t\t<span class=\"elementor-icon-list-text\">EUExImp Project - European Explosives Sector Implementation of Occupational Standards<\/span>\n\t\t\t\t\t\t\t\t\t\t\t<\/a>\n\t\t\t\t\t\t\t\t\t<\/li>\n\t\t\t\t\t\t\t\t<li class=\"elementor-icon-list-item\">\n\t\t\t\t\t\t\t\t\t\t\t<a href=\"https:\/\/bef.nu\/\">\n\n\t\t\t\t\t\t\t\t\t\t\t\t<span class=\"elementor-icon-list-icon\">\n\t\t\t\t\t\t\t<i aria-hidden=\"true\" class=\"fas fa-check-circle\"><\/i>\t\t\t\t\t\t<\/span>\n\t\t\t\t\t\t\t\t\t\t<span class=\"elementor-icon-list-text\">BEF - Bergspr\u00e4ngnings Entrepren\u00f6rernas F\u00f6rening<\/span>\n\t\t\t\t\t\t\t\t\t\t\t<\/a>\n\t\t\t\t\t\t\t\t\t<\/li>\n\t\t\t\t\t\t<\/ul>\n\t\t\t\t\t\t<\/div>\n\t\t\t\t<\/div>\n\t\t\t\t<\/div>\n\t\t\t\t<\/div>\n\t\t\t\t\t<\/div>\n\t\t\t\t<\/div>\n\t\t\t\t<\/div>\n\t\t","protected":false},"excerpt":{"rendered":"<p>Partners Esileht Participation in industry associations and projects Estonian Chamber of Commerce [&hellip;]<\/p>\n","protected":false},"author":1,"featured_media":0,"parent":0,"menu_order":0,"comment_status":"closed","ping_status":"closed","template":"elementor_header_footer","meta":{"footnotes":""},"class_list":["post-7633","page","type-page","status-publish","hentry"],"yoast_head":"<!-- This site is optimized with the Yoast SEO plugin v27.1.1 - https:\/\/yoast.com\/product\/yoast-seo-wordpress\/ -->\n<title>Partners - Voglers Eesti O\u00dc<\/title>\n<meta name=\"robots\" content=\"index, follow, max-snippet:-1, max-image-preview:large, max-video-preview:-1\" \/>\n<link rel=\"canonical\" href=\"https:\/\/voglers.ee\/en\/partners\/\" \/>\n<meta property=\"og:locale\" content=\"en_US\" \/>\n<meta property=\"og:type\" content=\"article\" \/>\n<meta property=\"og:title\" content=\"Partners - Voglers Eesti O\u00dc\" \/>\n<meta property=\"og:description\" content=\"Partners Esileht Participation in industry associations and projects Estonian Chamber of Commerce [&hellip;]\" \/>\n<meta property=\"og:url\" content=\"https:\/\/voglers.ee\/en\/partners\/\" \/>\n<meta property=\"og:site_name\" content=\"Voglers Eesti O\u00dc\" \/>\n<meta property=\"article:modified_time\" content=\"2026-03-04T08:42:06+00:00\" \/>\n<meta property=\"og:image\" content=\"https:\/\/voglers.ee\/wp-content\/uploads\/2026\/01\/IMG_7331.jpeg\" \/>\n\t<meta property=\"og:image:width\" content=\"1920\" \/>\n\t<meta property=\"og:image:height\" content=\"1440\" \/>\n\t<meta property=\"og:image:type\" content=\"image\/jpeg\" \/>\n<meta name=\"twitter:card\" content=\"summary_large_image\" \/>\n<script type=\"application\/ld+json\" class=\"yoast-schema-graph\">{\"@context\":\"https:\/\/schema.org\",\"@graph\":[{\"@type\":\"WebPage\",\"@id\":\"https:\/\/voglers.ee\/en\/partners\/\",\"url\":\"https:\/\/voglers.ee\/en\/partners\/\",\"name\":\"Partners - Voglers Eesti O\u00dc\",\"isPartOf\":{\"@id\":\"https:\/\/voglers.ee\/en\/#website\"},\"primaryImageOfPage\":{\"@id\":\"https:\/\/voglers.ee\/en\/partners\/#primaryimage\"},\"image\":{\"@id\":\"https:\/\/voglers.ee\/en\/partners\/#primaryimage\"},\"thumbnailUrl\":\"https:\/\/voglers.ee\/wp-content\/uploads\/2026\/01\/IMG_7331.jpeg\",\"datePublished\":\"2025-11-28T14:57:43+00:00\",\"dateModified\":\"2026-03-04T08:42:06+00:00\",\"breadcrumb\":{\"@id\":\"https:\/\/voglers.ee\/en\/partners\/#breadcrumb\"},\"inLanguage\":\"en-US\",\"potentialAction\":[{\"@type\":\"ReadAction\",\"target\":[\"https:\/\/voglers.ee\/en\/partners\/\"]}]},{\"@type\":\"ImageObject\",\"inLanguage\":\"en-US\",\"@id\":\"https:\/\/voglers.ee\/en\/partners\/#primaryimage\",\"url\":\"https:\/\/voglers.ee\/wp-content\/uploads\/2026\/01\/IMG_7331.jpeg\",\"contentUrl\":\"https:\/\/voglers.ee\/wp-content\/uploads\/2026\/01\/IMG_7331.jpeg\"},{\"@type\":\"BreadcrumbList\",\"@id\":\"https:\/\/voglers.ee\/en\/partners\/#breadcrumb\",\"itemListElement\":[{\"@type\":\"ListItem\",\"position\":1,\"name\":\"Home\",\"item\":\"https:\/\/voglers.ee\/en\/voglers-eesti-ou\/\"},{\"@type\":\"ListItem\",\"position\":2,\"name\":\"Partners\"}]},{\"@type\":\"WebSite\",\"@id\":\"https:\/\/voglers.ee\/en\/#website\",\"url\":\"https:\/\/voglers.ee\/en\/\",\"name\":\"Voglers Eesti O\u00dc\",\"description\":\"Puur- ja L\u00f5hket\u00f6\u00f6d\",\"publisher\":{\"@id\":\"https:\/\/voglers.ee\/en\/#organization\"},\"potentialAction\":[{\"@type\":\"SearchAction\",\"target\":{\"@type\":\"EntryPoint\",\"urlTemplate\":\"https:\/\/voglers.ee\/en\/?s={search_term_string}\"},\"query-input\":{\"@type\":\"PropertyValueSpecification\",\"valueRequired\":true,\"valueName\":\"search_term_string\"}}],\"inLanguage\":\"en-US\"},{\"@type\":\"Organization\",\"@id\":\"https:\/\/voglers.ee\/en\/#organization\",\"name\":\"Voglers Eesti O\u00dc\",\"url\":\"https:\/\/voglers.ee\/en\/\",\"logo\":{\"@type\":\"ImageObject\",\"inLanguage\":\"en-US\",\"@id\":\"https:\/\/voglers.ee\/en\/#\/schema\/logo\/image\/\",\"url\":\"https:\/\/voglers.ee\/wp-content\/uploads\/2024\/06\/Voglers-logo.png\",\"contentUrl\":\"https:\/\/voglers.ee\/wp-content\/uploads\/2024\/06\/Voglers-logo.png\",\"width\":640,\"height\":209,\"caption\":\"Voglers Eesti O\u00dc\"},\"image\":{\"@id\":\"https:\/\/voglers.ee\/en\/#\/schema\/logo\/image\/\"}}]}<\/script>\n<!-- \/ Yoast SEO plugin. -->","yoast_head_json":{"title":"Partners - Voglers Eesti O\u00dc","robots":{"index":"index","follow":"follow","max-snippet":"max-snippet:-1","max-image-preview":"max-image-preview:large","max-video-preview":"max-video-preview:-1"},"canonical":"https:\/\/voglers.ee\/en\/partners\/","og_locale":"en_US","og_type":"article","og_title":"Partners - Voglers Eesti O\u00dc","og_description":"Partners Esileht Participation in industry associations and projects Estonian Chamber of Commerce [&hellip;]","og_url":"https:\/\/voglers.ee\/en\/partners\/","og_site_name":"Voglers Eesti O\u00dc","article_modified_time":"2026-03-04T08:42:06+00:00","og_image":[{"width":1920,"height":1440,"url":"https:\/\/voglers.ee\/wp-content\/uploads\/2026\/01\/IMG_7331.jpeg","type":"image\/jpeg"}],"twitter_card":"summary_large_image","schema":{"@context":"https:\/\/schema.org","@graph":[{"@type":"WebPage","@id":"https:\/\/voglers.ee\/en\/partners\/","url":"https:\/\/voglers.ee\/en\/partners\/","name":"Partners - Voglers Eesti O\u00dc","isPartOf":{"@id":"https:\/\/voglers.ee\/en\/#website"},"primaryImageOfPage":{"@id":"https:\/\/voglers.ee\/en\/partners\/#primaryimage"},"image":{"@id":"https:\/\/voglers.ee\/en\/partners\/#primaryimage"},"thumbnailUrl":"https:\/\/voglers.ee\/wp-content\/uploads\/2026\/01\/IMG_7331.jpeg","datePublished":"2025-11-28T14:57:43+00:00","dateModified":"2026-03-04T08:42:06+00:00","breadcrumb":{"@id":"https:\/\/voglers.ee\/en\/partners\/#breadcrumb"},"inLanguage":"en-US","potentialAction":[{"@type":"ReadAction","target":["https:\/\/voglers.ee\/en\/partners\/"]}]},{"@type":"ImageObject","inLanguage":"en-US","@id":"https:\/\/voglers.ee\/en\/partners\/#primaryimage","url":"https:\/\/voglers.ee\/wp-content\/uploads\/2026\/01\/IMG_7331.jpeg","contentUrl":"https:\/\/voglers.ee\/wp-content\/uploads\/2026\/01\/IMG_7331.jpeg"},{"@type":"BreadcrumbList","@id":"https:\/\/voglers.ee\/en\/partners\/#breadcrumb","itemListElement":[{"@type":"ListItem","position":1,"name":"Home","item":"https:\/\/voglers.ee\/en\/voglers-eesti-ou\/"},{"@type":"ListItem","position":2,"name":"Partners"}]},{"@type":"WebSite","@id":"https:\/\/voglers.ee\/en\/#website","url":"https:\/\/voglers.ee\/en\/","name":"Voglers Eesti O\u00dc","description":"Puur- ja L\u00f5hket\u00f6\u00f6d","publisher":{"@id":"https:\/\/voglers.ee\/en\/#organization"},"potentialAction":[{"@type":"SearchAction","target":{"@type":"EntryPoint","urlTemplate":"https:\/\/voglers.ee\/en\/?s={search_term_string}"},"query-input":{"@type":"PropertyValueSpecification","valueRequired":true,"valueName":"search_term_string"}}],"inLanguage":"en-US"},{"@type":"Organization","@id":"https:\/\/voglers.ee\/en\/#organization","name":"Voglers Eesti O\u00dc","url":"https:\/\/voglers.ee\/en\/","logo":{"@type":"ImageObject","inLanguage":"en-US","@id":"https:\/\/voglers.ee\/en\/#\/schema\/logo\/image\/","url":"https:\/\/voglers.ee\/wp-content\/uploads\/2024\/06\/Voglers-logo.png","contentUrl":"https:\/\/voglers.ee\/wp-content\/uploads\/2024\/06\/Voglers-logo.png","width":640,"height":209,"caption":"Voglers Eesti O\u00dc"},"image":{"@id":"https:\/\/voglers.ee\/en\/#\/schema\/logo\/image\/"}}]}},"_links":{"self":[{"href":"https:\/\/voglers.ee\/en\/wp-json\/wp\/v2\/pages\/7633","targetHints":{"allow":["GET"]}}],"collection":[{"href":"https:\/\/voglers.ee\/en\/wp-json\/wp\/v2\/pages"}],"about":[{"href":"https:\/\/voglers.ee\/en\/wp-json\/wp\/v2\/types\/page"}],"author":[{"embeddable":true,"href":"https:\/\/voglers.ee\/en\/wp-json\/wp\/v2\/users\/1"}],"replies":[{"embeddable":true,"href":"https:\/\/voglers.ee\/en\/wp-json\/wp\/v2\/comments?post=7633"}],"version-history":[{"count":10,"href":"https:\/\/voglers.ee\/en\/wp-json\/wp\/v2\/pages\/7633\/revisions"}],"predecessor-version":[{"id":7842,"href":"https:\/\/voglers.ee\/en\/wp-json\/wp\/v2\/pages\/7633\/revisions\/7842"}],"wp:attachment":[{"href":"https:\/\/voglers.ee\/en\/wp-json\/wp\/v2\/media?parent=7633"}],"curies":[{"name":"wp","href":"https:\/\/api.w.org\/{rel}","templated":true}]}}