{"id":7615,"date":"2025-11-13T09:17:11","date_gmt":"2025-11-13T09:17:11","guid":{"rendered":"https:\/\/voglers.webme.ee\/company\/"},"modified":"2026-03-04T09:01:12","modified_gmt":"2026-03-04T09:01:12","slug":"company","status":"publish","type":"page","link":"https:\/\/voglers.ee\/en\/company\/","title":{"rendered":"Company"},"content":{"rendered":"\t\t<div data-elementor-type=\"wp-page\" data-elementor-id=\"7615\" class=\"elementor elementor-7615 elementor-6547\" data-elementor-post-type=\"page\">\n\t\t\t\t<div class=\"elementor-element elementor-element-1bb16ff e-con-full hero-shape-1 e-flex e-con e-parent\" data-id=\"1bb16ff\" data-element_type=\"container\" data-e-type=\"container\">\n\t\t<div class=\"elementor-element elementor-element-032647d hero-container e-flex e-con-boxed e-con e-child\" data-id=\"032647d\" data-element_type=\"container\" data-e-type=\"container\" data-settings=\"{&quot;background_background&quot;:&quot;classic&quot;}\">\n\t\t\t\t\t<div class=\"e-con-inner\">\n\t\t<div class=\"elementor-element elementor-element-e755e3f e-con-full e-flex e-con e-child\" data-id=\"e755e3f\" data-element_type=\"container\" data-e-type=\"container\">\n\t\t\t\t<div class=\"elementor-element elementor-element-e5aba80 at-heading-animation at-animation-heading-style-3 elementor-widget elementor-widget-heading\" data-id=\"e5aba80\" data-element_type=\"widget\" data-e-type=\"widget\" data-settings=\"{&quot;ekit_we_effect_on&quot;:&quot;none&quot;}\" data-widget_type=\"heading.default\">\n\t\t\t\t<div class=\"elementor-widget-container\">\n\t\t\t\t\t<h1 class=\"elementor-heading-title elementor-size-default\">Company<\/h1>\t\t\t\t<\/div>\n\t\t\t\t<\/div>\n\t\t\t\t<div class=\"elementor-element elementor-element-ea78e38 elementor-widget elementor-widget-elementskit-breadcrumb\" data-id=\"ea78e38\" data-element_type=\"widget\" data-e-type=\"widget\" data-settings=\"{&quot;ekit_we_effect_on&quot;:&quot;none&quot;}\" data-widget_type=\"elementskit-breadcrumb.default\">\n\t\t\t\t<div class=\"elementor-widget-container\">\n\t\t\t\t\t<div class=\"ekit-wid-con\" ><ol class=\"ekit-breadcrumb\"><li class=\"ekit_breadcrumbs_start\"><a href=\"https:\/\/voglers.ee\/en\/\">Home<\/a><\/li> <li class=\"brd_sep\"><span class=\"separate_icon\"><svg xmlns=\"http:\/\/www.w3.org\/2000\/svg\" width=\"7\" height=\"12\" viewBox=\"0 0 7 12\"><path d=\"M0.283883 11.68L4.95988 0.129999H6.70988L2.03388 11.68H0.283883Z\" fill=\"white\"><\/path><\/svg><\/span><\/li>  <li>Company<\/li><\/ol><\/div>\t\t\t\t<\/div>\n\t\t\t\t<\/div>\n\t\t\t\t<\/div>\n\t\t\t\t\t<\/div>\n\t\t\t\t<\/div>\n\t\t\t\t<\/div>\n\t\t<div class=\"elementor-element elementor-element-82dcbf7 e-flex e-con-boxed e-con e-parent\" data-id=\"82dcbf7\" data-element_type=\"container\" data-e-type=\"container\">\n\t\t\t\t\t<div class=\"e-con-inner\">\n\t\t<div class=\"elementor-element elementor-element-6eb67f0 e-con-full e-flex e-con e-child\" data-id=\"6eb67f0\" data-element_type=\"container\" data-e-type=\"container\">\n\t\t\t\t<div class=\"elementor-element elementor-element-662ba02 at-image-animation at-animation-image-style-1 elementor-widget elementor-widget-image\" data-id=\"662ba02\" data-element_type=\"widget\" data-e-type=\"widget\" data-settings=\"{&quot;ekit_we_effect_on&quot;:&quot;none&quot;}\" data-widget_type=\"image.default\">\n\t\t\t\t<div class=\"elementor-widget-container\">\n\t\t\t\t\t\t\t\t\t\t\t\t\t\t\t<img fetchpriority=\"high\" decoding=\"async\" width=\"1920\" height=\"1080\" src=\"https:\/\/voglers.ee\/wp-content\/uploads\/2026\/01\/att.TSHufQFdmXBZn80-HhhpSuGqFP7WtjpfFZjHjbB93vg-2.jpg\" class=\"attachment-full size-full wp-image-7614\" alt=\"\" srcset=\"https:\/\/voglers.ee\/wp-content\/uploads\/2026\/01\/att.TSHufQFdmXBZn80-HhhpSuGqFP7WtjpfFZjHjbB93vg-2.jpg 1920w, https:\/\/voglers.ee\/wp-content\/uploads\/2026\/01\/att.TSHufQFdmXBZn80-HhhpSuGqFP7WtjpfFZjHjbB93vg-2-300x169.jpg 300w, https:\/\/voglers.ee\/wp-content\/uploads\/2026\/01\/att.TSHufQFdmXBZn80-HhhpSuGqFP7WtjpfFZjHjbB93vg-2-1024x576.jpg 1024w, https:\/\/voglers.ee\/wp-content\/uploads\/2026\/01\/att.TSHufQFdmXBZn80-HhhpSuGqFP7WtjpfFZjHjbB93vg-2-768x432.jpg 768w, https:\/\/voglers.ee\/wp-content\/uploads\/2026\/01\/att.TSHufQFdmXBZn80-HhhpSuGqFP7WtjpfFZjHjbB93vg-2-1536x864.jpg 1536w\" sizes=\"(max-width: 1920px) 100vw, 1920px\" \/>\t\t\t\t\t\t\t\t\t\t\t\t\t\t\t<\/div>\n\t\t\t\t<\/div>\n\t\t\t\t<\/div>\n\t\t<div class=\"elementor-element elementor-element-5f7ca98 e-con-full e-flex e-con e-child\" data-id=\"5f7ca98\" data-element_type=\"container\" data-e-type=\"container\">\n\t\t\t\t<div class=\"elementor-element elementor-element-fec3258 at-heading-animation at-animation-heading-none elementor-invisible elementor-widget elementor-widget-heading\" data-id=\"fec3258\" data-element_type=\"widget\" data-e-type=\"widget\" data-settings=\"{&quot;_animation&quot;:&quot;fadeInUp&quot;,&quot;ekit_we_effect_on&quot;:&quot;none&quot;}\" data-widget_type=\"heading.default\">\n\t\t\t\t<div class=\"elementor-widget-container\">\n\t\t\t\t\t<p class=\"elementor-heading-title elementor-size-default\">About us<\/p>\t\t\t\t<\/div>\n\t\t\t\t<\/div>\n\t\t\t\t<div class=\"elementor-element elementor-element-0feaaf5 at-heading-animation at-animation-heading-style-3 elementor-widget elementor-widget-heading\" data-id=\"0feaaf5\" data-element_type=\"widget\" data-e-type=\"widget\" data-settings=\"{&quot;ekit_we_effect_on&quot;:&quot;none&quot;}\" data-widget_type=\"heading.default\">\n\t\t\t\t<div class=\"elementor-widget-container\">\n\t\t\t\t\t<h2 class=\"elementor-heading-title elementor-size-default\">Your trusted partner for drilling and blasting operations in the Baltics<\/h2>\t\t\t\t<\/div>\n\t\t\t\t<\/div>\n\t\t\t\t<div class=\"elementor-element elementor-element-211275a elementor-invisible elementor-widget elementor-widget-text-editor\" data-id=\"211275a\" data-element_type=\"widget\" data-e-type=\"widget\" data-settings=\"{&quot;_animation&quot;:&quot;fadeInUp&quot;,&quot;_animation_delay&quot;:100,&quot;ekit_we_effect_on&quot;:&quot;none&quot;}\" data-widget_type=\"text-editor.default\">\n\t\t\t\t<div class=\"elementor-widget-container\">\n\t\t\t\t\t\t\t\t\t<p><span style=\"caret-color: #000000; color: #000000; font-size: medium;\">We have been operating since 1996 and today cover the entire Baltic region. <\/span><\/p><p><span style=\"caret-color: #000000; color: #000000; font-size: medium;\">Our know-how originates from the Swedish company Voglers Sverige, which founded the company and whose decades of experience have formed the basis of our work. Today, we continuously develop our expertise through internationally recognized organizations. <\/span><\/p><p><span style=\"caret-color: #000000; color: #000000; font-size: medium; font-family: var( --e-global-typography-text-font-family ), Sans-serif;\">We always prioritize our clients\u2019 needs and carry out our work responsibly, strictly complying with environmental requirements and modern industry standards. <\/span><\/p><p><span style=\"caret-color: #000000; color: #000000; font-size: medium; font-family: var( --e-global-typography-text-font-family ), Sans-serif;\">The company is backed by Estonian private capital and Milsa Group, an experienced international industrial partner in the mining sector.<\/span><\/p>\t\t\t\t\t\t\t\t<\/div>\n\t\t\t\t<\/div>\n\t\t\t\t<\/div>\n\t\t\t\t\t<\/div>\n\t\t\t\t<\/div>\n\t\t\t\t<\/div>\n\t\t","protected":false},"excerpt":{"rendered":"<p>Company Esileht About us Your trusted partner for drilling and blasting operations [&hellip;]<\/p>\n","protected":false},"author":1,"featured_media":0,"parent":0,"menu_order":0,"comment_status":"closed","ping_status":"closed","template":"elementor_header_footer","meta":{"footnotes":""},"class_list":["post-7615","page","type-page","status-publish","hentry"],"yoast_head":"<!-- This site is optimized with the Yoast SEO plugin v27.1.1 - https:\/\/yoast.com\/product\/yoast-seo-wordpress\/ -->\n<title>Company - Voglers Eesti O\u00dc<\/title>\n<meta name=\"robots\" content=\"index, follow, max-snippet:-1, max-image-preview:large, max-video-preview:-1\" \/>\n<link rel=\"canonical\" href=\"https:\/\/voglers.ee\/en\/company\/\" \/>\n<meta property=\"og:locale\" content=\"en_US\" \/>\n<meta property=\"og:type\" content=\"article\" \/>\n<meta property=\"og:title\" content=\"Company - Voglers Eesti O\u00dc\" \/>\n<meta property=\"og:description\" content=\"Company Esileht About us Your trusted partner for drilling and blasting operations [&hellip;]\" \/>\n<meta property=\"og:url\" content=\"https:\/\/voglers.ee\/en\/company\/\" \/>\n<meta property=\"og:site_name\" content=\"Voglers Eesti O\u00dc\" \/>\n<meta property=\"article:modified_time\" content=\"2026-03-04T09:01:12+00:00\" \/>\n<meta property=\"og:image\" content=\"https:\/\/voglers.ee\/wp-content\/uploads\/2026\/01\/att.TSHufQFdmXBZn80-HhhpSuGqFP7WtjpfFZjHjbB93vg-2.jpg\" \/>\n\t<meta property=\"og:image:width\" content=\"1920\" \/>\n\t<meta property=\"og:image:height\" content=\"1080\" \/>\n\t<meta property=\"og:image:type\" content=\"image\/jpeg\" \/>\n<meta name=\"twitter:card\" content=\"summary_large_image\" \/>\n<meta name=\"twitter:label1\" content=\"Est. reading time\" \/>\n\t<meta name=\"twitter:data1\" content=\"1 minute\" \/>\n<script type=\"application\/ld+json\" class=\"yoast-schema-graph\">{\"@context\":\"https:\/\/schema.org\",\"@graph\":[{\"@type\":\"WebPage\",\"@id\":\"https:\/\/voglers.ee\/en\/company\/\",\"url\":\"https:\/\/voglers.ee\/en\/company\/\",\"name\":\"Company - Voglers Eesti O\u00dc\",\"isPartOf\":{\"@id\":\"https:\/\/voglers.ee\/en\/#website\"},\"primaryImageOfPage\":{\"@id\":\"https:\/\/voglers.ee\/en\/company\/#primaryimage\"},\"image\":{\"@id\":\"https:\/\/voglers.ee\/en\/company\/#primaryimage\"},\"thumbnailUrl\":\"https:\/\/voglers.ee\/wp-content\/uploads\/2026\/01\/att.TSHufQFdmXBZn80-HhhpSuGqFP7WtjpfFZjHjbB93vg-2.jpg\",\"datePublished\":\"2025-11-13T09:17:11+00:00\",\"dateModified\":\"2026-03-04T09:01:12+00:00\",\"breadcrumb\":{\"@id\":\"https:\/\/voglers.ee\/en\/company\/#breadcrumb\"},\"inLanguage\":\"en-US\",\"potentialAction\":[{\"@type\":\"ReadAction\",\"target\":[\"https:\/\/voglers.ee\/en\/company\/\"]}]},{\"@type\":\"ImageObject\",\"inLanguage\":\"en-US\",\"@id\":\"https:\/\/voglers.ee\/en\/company\/#primaryimage\",\"url\":\"https:\/\/voglers.ee\/wp-content\/uploads\/2026\/01\/att.TSHufQFdmXBZn80-HhhpSuGqFP7WtjpfFZjHjbB93vg-2.jpg\",\"contentUrl\":\"https:\/\/voglers.ee\/wp-content\/uploads\/2026\/01\/att.TSHufQFdmXBZn80-HhhpSuGqFP7WtjpfFZjHjbB93vg-2.jpg\"},{\"@type\":\"BreadcrumbList\",\"@id\":\"https:\/\/voglers.ee\/en\/company\/#breadcrumb\",\"itemListElement\":[{\"@type\":\"ListItem\",\"position\":1,\"name\":\"Home\",\"item\":\"https:\/\/voglers.ee\/en\/voglers-eesti-ou\/\"},{\"@type\":\"ListItem\",\"position\":2,\"name\":\"Company\"}]},{\"@type\":\"WebSite\",\"@id\":\"https:\/\/voglers.ee\/en\/#website\",\"url\":\"https:\/\/voglers.ee\/en\/\",\"name\":\"Voglers Eesti O\u00dc\",\"description\":\"Puur- ja L\u00f5hket\u00f6\u00f6d\",\"publisher\":{\"@id\":\"https:\/\/voglers.ee\/en\/#organization\"},\"potentialAction\":[{\"@type\":\"SearchAction\",\"target\":{\"@type\":\"EntryPoint\",\"urlTemplate\":\"https:\/\/voglers.ee\/en\/?s={search_term_string}\"},\"query-input\":{\"@type\":\"PropertyValueSpecification\",\"valueRequired\":true,\"valueName\":\"search_term_string\"}}],\"inLanguage\":\"en-US\"},{\"@type\":\"Organization\",\"@id\":\"https:\/\/voglers.ee\/en\/#organization\",\"name\":\"Voglers Eesti O\u00dc\",\"url\":\"https:\/\/voglers.ee\/en\/\",\"logo\":{\"@type\":\"ImageObject\",\"inLanguage\":\"en-US\",\"@id\":\"https:\/\/voglers.ee\/en\/#\/schema\/logo\/image\/\",\"url\":\"https:\/\/voglers.ee\/wp-content\/uploads\/2024\/06\/Voglers-logo.png\",\"contentUrl\":\"https:\/\/voglers.ee\/wp-content\/uploads\/2024\/06\/Voglers-logo.png\",\"width\":640,\"height\":209,\"caption\":\"Voglers Eesti O\u00dc\"},\"image\":{\"@id\":\"https:\/\/voglers.ee\/en\/#\/schema\/logo\/image\/\"}}]}<\/script>\n<!-- \/ Yoast SEO plugin. -->","yoast_head_json":{"title":"Company - Voglers Eesti O\u00dc","robots":{"index":"index","follow":"follow","max-snippet":"max-snippet:-1","max-image-preview":"max-image-preview:large","max-video-preview":"max-video-preview:-1"},"canonical":"https:\/\/voglers.ee\/en\/company\/","og_locale":"en_US","og_type":"article","og_title":"Company - Voglers Eesti O\u00dc","og_description":"Company Esileht About us Your trusted partner for drilling and blasting operations [&hellip;]","og_url":"https:\/\/voglers.ee\/en\/company\/","og_site_name":"Voglers Eesti O\u00dc","article_modified_time":"2026-03-04T09:01:12+00:00","og_image":[{"width":1920,"height":1080,"url":"https:\/\/voglers.ee\/wp-content\/uploads\/2026\/01\/att.TSHufQFdmXBZn80-HhhpSuGqFP7WtjpfFZjHjbB93vg-2.jpg","type":"image\/jpeg"}],"twitter_card":"summary_large_image","twitter_misc":{"Est. reading time":"1 minute"},"schema":{"@context":"https:\/\/schema.org","@graph":[{"@type":"WebPage","@id":"https:\/\/voglers.ee\/en\/company\/","url":"https:\/\/voglers.ee\/en\/company\/","name":"Company - Voglers Eesti O\u00dc","isPartOf":{"@id":"https:\/\/voglers.ee\/en\/#website"},"primaryImageOfPage":{"@id":"https:\/\/voglers.ee\/en\/company\/#primaryimage"},"image":{"@id":"https:\/\/voglers.ee\/en\/company\/#primaryimage"},"thumbnailUrl":"https:\/\/voglers.ee\/wp-content\/uploads\/2026\/01\/att.TSHufQFdmXBZn80-HhhpSuGqFP7WtjpfFZjHjbB93vg-2.jpg","datePublished":"2025-11-13T09:17:11+00:00","dateModified":"2026-03-04T09:01:12+00:00","breadcrumb":{"@id":"https:\/\/voglers.ee\/en\/company\/#breadcrumb"},"inLanguage":"en-US","potentialAction":[{"@type":"ReadAction","target":["https:\/\/voglers.ee\/en\/company\/"]}]},{"@type":"ImageObject","inLanguage":"en-US","@id":"https:\/\/voglers.ee\/en\/company\/#primaryimage","url":"https:\/\/voglers.ee\/wp-content\/uploads\/2026\/01\/att.TSHufQFdmXBZn80-HhhpSuGqFP7WtjpfFZjHjbB93vg-2.jpg","contentUrl":"https:\/\/voglers.ee\/wp-content\/uploads\/2026\/01\/att.TSHufQFdmXBZn80-HhhpSuGqFP7WtjpfFZjHjbB93vg-2.jpg"},{"@type":"BreadcrumbList","@id":"https:\/\/voglers.ee\/en\/company\/#breadcrumb","itemListElement":[{"@type":"ListItem","position":1,"name":"Home","item":"https:\/\/voglers.ee\/en\/voglers-eesti-ou\/"},{"@type":"ListItem","position":2,"name":"Company"}]},{"@type":"WebSite","@id":"https:\/\/voglers.ee\/en\/#website","url":"https:\/\/voglers.ee\/en\/","name":"Voglers Eesti O\u00dc","description":"Puur- ja L\u00f5hket\u00f6\u00f6d","publisher":{"@id":"https:\/\/voglers.ee\/en\/#organization"},"potentialAction":[{"@type":"SearchAction","target":{"@type":"EntryPoint","urlTemplate":"https:\/\/voglers.ee\/en\/?s={search_term_string}"},"query-input":{"@type":"PropertyValueSpecification","valueRequired":true,"valueName":"search_term_string"}}],"inLanguage":"en-US"},{"@type":"Organization","@id":"https:\/\/voglers.ee\/en\/#organization","name":"Voglers Eesti O\u00dc","url":"https:\/\/voglers.ee\/en\/","logo":{"@type":"ImageObject","inLanguage":"en-US","@id":"https:\/\/voglers.ee\/en\/#\/schema\/logo\/image\/","url":"https:\/\/voglers.ee\/wp-content\/uploads\/2024\/06\/Voglers-logo.png","contentUrl":"https:\/\/voglers.ee\/wp-content\/uploads\/2024\/06\/Voglers-logo.png","width":640,"height":209,"caption":"Voglers Eesti O\u00dc"},"image":{"@id":"https:\/\/voglers.ee\/en\/#\/schema\/logo\/image\/"}}]}},"_links":{"self":[{"href":"https:\/\/voglers.ee\/en\/wp-json\/wp\/v2\/pages\/7615","targetHints":{"allow":["GET"]}}],"collection":[{"href":"https:\/\/voglers.ee\/en\/wp-json\/wp\/v2\/pages"}],"about":[{"href":"https:\/\/voglers.ee\/en\/wp-json\/wp\/v2\/types\/page"}],"author":[{"embeddable":true,"href":"https:\/\/voglers.ee\/en\/wp-json\/wp\/v2\/users\/1"}],"replies":[{"embeddable":true,"href":"https:\/\/voglers.ee\/en\/wp-json\/wp\/v2\/comments?post=7615"}],"version-history":[{"count":5,"href":"https:\/\/voglers.ee\/en\/wp-json\/wp\/v2\/pages\/7615\/revisions"}],"predecessor-version":[{"id":7856,"href":"https:\/\/voglers.ee\/en\/wp-json\/wp\/v2\/pages\/7615\/revisions\/7856"}],"wp:attachment":[{"href":"https:\/\/voglers.ee\/en\/wp-json\/wp\/v2\/media?parent=7615"}],"curies":[{"name":"wp","href":"https:\/\/api.w.org\/{rel}","templated":true}]}}